{"id":7970,"date":"2025-04-25T07:26:59","date_gmt":"2025-04-25T07:26:59","guid":{"rendered":"https:\/\/738e.com\/?page_id=7970"},"modified":"2025-04-30T01:59:49","modified_gmt":"2025-04-30T01:59:49","slug":"fiber-sheets-cotton-pads-felts","status":"publish","type":"page","link":"https:\/\/www.738e.com\/pt\/fiber-sheets-cotton-pads-felts\/","title":{"rendered":"Folhas de fibra, algod\u00f5es em patch e feltros"},"content":{"rendered":"<div data-elementor-type=\"wp-page\" data-elementor-id=\"7970\" class=\"elementor elementor-7970\" data-elementor-post-type=\"page\">\n\t\t\t\t<div class=\"elementor-element elementor-element-3d21baad e-con-full e-flex e-con e-parent\" data-id=\"3d21baad\" data-element_type=\"container\" data-e-type=\"container\" data-settings=\"{&quot;background_background&quot;:&quot;classic&quot;}\">\n\t\t\t\t<div class=\"elementor-element elementor-element-5c95a706 elementor-widget elementor-widget-heading\" data-id=\"5c95a706\" data-element_type=\"widget\" data-e-type=\"widget\" data-widget_type=\"heading.default\">\n\t\t\t\t<div class=\"elementor-widget-container\">\n\t\t\t\t\t<h1 class=\"elementor-heading-title elementor-size-default\">Folhas de fibra, algod\u00f5es em patch e feltros<\/h1>\t\t\t\t<\/div>\n\t\t\t\t<\/div>\n\t\t\t\t<\/div>\n\t\t<div class=\"elementor-element elementor-element-2bb2275b e-flex e-con-boxed e-con e-parent\" data-id=\"2bb2275b\" data-element_type=\"container\" data-e-type=\"container\">\n\t\t\t\t\t<div class=\"e-con-inner\">\n\t\t\t\t<div class=\"elementor-element elementor-element-27b7dd7c elementor-widget elementor-widget-heading\" data-id=\"27b7dd7c\" data-element_type=\"widget\" data-e-type=\"widget\" data-widget_type=\"heading.default\">\n\t\t\t\t<div class=\"elementor-widget-container\">\n\t\t\t\t\t<h2 class=\"elementor-heading-title elementor-size-default\">Produtos &amp; Aplica\u00e7\u00f5es<\/h2>\t\t\t\t<\/div>\n\t\t\t\t<\/div>\n\t\t\t\t<div class=\"elementor-element elementor-element-36c969ed elementor-widget-divider--view-line elementor-widget elementor-widget-divider\" data-id=\"36c969ed\" data-element_type=\"widget\" data-e-type=\"widget\" data-widget_type=\"divider.default\">\n\t\t\t\t<div class=\"elementor-widget-container\">\n\t\t\t\t\t\t\t<div class=\"elementor-divider\">\n\t\t\t<span class=\"elementor-divider-separator\">\n\t\t\t\t\t\t<\/span>\n\t\t<\/div>\n\t\t\t\t\t\t<\/div>\n\t\t\t\t<\/div>\n\t\t\t\t<div class=\"elementor-element elementor-element-33aef3aa elementor-widget elementor-widget-text-editor\" data-id=\"33aef3aa\" data-element_type=\"widget\" data-e-type=\"widget\" data-widget_type=\"text-editor.default\">\n\t\t\t\t<div class=\"elementor-widget-container\">\n\t\t\t\t\t\t\t\t\t<p>Embora as folhas de fibras pare\u00e7am quase iguais em apar\u00eancia, na verdade existem muitas variedades com diferentes desempenhos. Algumas s\u00e3o usadas para filtra\u00e7\u00e3o, outras s\u00e3o usadas para absorber e armazenar l\u00edquidos, e algumas s\u00e3o usadas para vaporizar l\u00edquidos de aromaterapia. Todas s\u00e3o produzidas a partir de diferentes materiais e processos, personalizadas de acordo com o uso e as exig\u00eancias de desempenho, e os custos dos diferentes produtos variam muito.<\/p>\t\t\t\t\t\t\t\t<\/div>\n\t\t\t\t<\/div>\n\t\t\t\t\t<\/div>\n\t\t\t\t<\/div>\n\t\t<div class=\"elementor-element elementor-element-42d26e6a e-con-full e-flex e-con e-parent\" data-id=\"42d26e6a\" data-element_type=\"container\" data-e-type=\"container\">\n\t\t<div class=\"elementor-element elementor-element-3b112dbe e-con-full e-flex e-con e-child\" data-id=\"3b112dbe\" data-element_type=\"container\" data-e-type=\"container\">\n\t\t<div class=\"elementor-element elementor-element-344136d9 e-con-full e-flex e-con e-child\" data-id=\"344136d9\" data-element_type=\"container\" data-e-type=\"container\">\n\t\t\t\t<div class=\"elementor-element elementor-element-4a5f0cbe elementor-widget elementor-widget-image\" data-id=\"4a5f0cbe\" data-element_type=\"widget\" data-e-type=\"widget\" data-widget_type=\"image.default\">\n\t\t\t\t<div class=\"elementor-widget-container\">\n\t\t\t\t\t\t\t\t\t\t\t\t\t\t\t\t<a href=\"https:\/\/738e.com\/wp-content\/uploads\/2025\/04\/08.webp\">\n\t\t\t\t\t\t\t<img fetchpriority=\"high\" decoding=\"async\" width=\"600\" height=\"600\" src=\"https:\/\/www.738e.com\/wp-content\/uploads\/2025\/04\/08.webp\" class=\"elementor-animation-grow attachment-full size-full wp-image-8100\" alt=\"\" srcset=\"https:\/\/www.738e.com\/wp-content\/uploads\/2025\/04\/08.webp 600w, https:\/\/www.738e.com\/wp-content\/uploads\/2025\/04\/08-300x300.webp 300w, https:\/\/www.738e.com\/wp-content\/uploads\/2025\/04\/08-150x150.webp 150w, https:\/\/www.738e.com\/wp-content\/uploads\/2025\/04\/08-12x12.webp 12w\" sizes=\"(max-width: 600px) 100vw, 600px\" \/>\t\t\t\t\t\t\t\t<\/a>\n\t\t\t\t\t\t\t\t\t\t\t\t\t\t\t<\/div>\n\t\t\t\t<\/div>\n\t\t\t\t<\/div>\n\t\t<div class=\"elementor-element elementor-element-60469e9c e-con-full e-flex e-con e-child\" data-id=\"60469e9c\" data-element_type=\"container\" data-e-type=\"container\">\n\t\t\t\t<div class=\"elementor-element elementor-element-4d51504d elementor-widget elementor-widget-image\" data-id=\"4d51504d\" data-element_type=\"widget\" data-e-type=\"widget\" data-widget_type=\"image.default\">\n\t\t\t\t<div class=\"elementor-widget-container\">\n\t\t\t\t\t\t\t\t\t\t\t\t\t\t\t\t<a href=\"https:\/\/738e.com\/wp-content\/uploads\/2025\/04\/07.webp\">\n\t\t\t\t\t\t\t<img decoding=\"async\" width=\"600\" height=\"600\" src=\"https:\/\/www.738e.com\/wp-content\/uploads\/2025\/04\/07.webp\" class=\"elementor-animation-grow attachment-full size-full wp-image-8099\" alt=\"Fiber Sheets Cotton Pads\" srcset=\"https:\/\/www.738e.com\/wp-content\/uploads\/2025\/04\/07.webp 600w, https:\/\/www.738e.com\/wp-content\/uploads\/2025\/04\/07-300x300.webp 300w, https:\/\/www.738e.com\/wp-content\/uploads\/2025\/04\/07-150x150.webp 150w, https:\/\/www.738e.com\/wp-content\/uploads\/2025\/04\/07-12x12.webp 12w\" sizes=\"(max-width: 600px) 100vw, 600px\" \/>\t\t\t\t\t\t\t\t<\/a>\n\t\t\t\t\t\t\t\t\t\t\t\t\t\t\t<\/div>\n\t\t\t\t<\/div>\n\t\t\t\t<\/div>\n\t\t<div class=\"elementor-element elementor-element-40ca70dd e-con-full e-flex e-con e-child\" data-id=\"40ca70dd\" data-element_type=\"container\" data-e-type=\"container\">\n\t\t\t\t<div class=\"elementor-element elementor-element-5f8e44f7 elementor-widget elementor-widget-image\" data-id=\"5f8e44f7\" data-element_type=\"widget\" data-e-type=\"widget\" data-widget_type=\"image.default\">\n\t\t\t\t<div class=\"elementor-widget-container\">\n\t\t\t\t\t\t\t\t\t\t\t\t\t\t\t\t<a href=\"https:\/\/738e.com\/wp-content\/uploads\/2025\/04\/06.webp\">\n\t\t\t\t\t\t\t<img decoding=\"async\" width=\"600\" height=\"600\" src=\"https:\/\/www.738e.com\/wp-content\/uploads\/2025\/04\/06.webp\" class=\"elementor-animation-grow attachment-full size-full wp-image-8098\" alt=\"Fiber Sheets Cotton Pads\" srcset=\"https:\/\/www.738e.com\/wp-content\/uploads\/2025\/04\/06.webp 600w, https:\/\/www.738e.com\/wp-content\/uploads\/2025\/04\/06-300x300.webp 300w, https:\/\/www.738e.com\/wp-content\/uploads\/2025\/04\/06-150x150.webp 150w, https:\/\/www.738e.com\/wp-content\/uploads\/2025\/04\/06-12x12.webp 12w\" sizes=\"(max-width: 600px) 100vw, 600px\" \/>\t\t\t\t\t\t\t\t<\/a>\n\t\t\t\t\t\t\t\t\t\t\t\t\t\t\t<\/div>\n\t\t\t\t<\/div>\n\t\t\t\t<\/div>\n\t\t<div class=\"elementor-element elementor-element-105d509c e-con-full e-flex e-con e-child\" data-id=\"105d509c\" data-element_type=\"container\" data-e-type=\"container\">\n\t\t\t\t<div class=\"elementor-element elementor-element-1237eb6d elementor-widget elementor-widget-image\" data-id=\"1237eb6d\" data-element_type=\"widget\" data-e-type=\"widget\" data-widget_type=\"image.default\">\n\t\t\t\t<div class=\"elementor-widget-container\">\n\t\t\t\t\t\t\t\t\t\t\t\t\t\t\t\t<a href=\"https:\/\/738e.com\/wp-content\/uploads\/2025\/04\/05.webp\">\n\t\t\t\t\t\t\t<img loading=\"lazy\" decoding=\"async\" width=\"600\" height=\"600\" src=\"https:\/\/www.738e.com\/wp-content\/uploads\/2025\/04\/05.webp\" class=\"elementor-animation-grow attachment-full size-full wp-image-8097\" alt=\"Fiber Sheets Cotton Pads\" srcset=\"https:\/\/www.738e.com\/wp-content\/uploads\/2025\/04\/05.webp 600w, https:\/\/www.738e.com\/wp-content\/uploads\/2025\/04\/05-300x300.webp 300w, https:\/\/www.738e.com\/wp-content\/uploads\/2025\/04\/05-150x150.webp 150w, https:\/\/www.738e.com\/wp-content\/uploads\/2025\/04\/05-12x12.webp 12w\" sizes=\"(max-width: 600px) 100vw, 600px\" \/>\t\t\t\t\t\t\t\t<\/a>\n\t\t\t\t\t\t\t\t\t\t\t\t\t\t\t<\/div>\n\t\t\t\t<\/div>\n\t\t\t\t<\/div>\n\t\t\t\t<\/div>\n\t\t<div class=\"elementor-element elementor-element-35e5af9b e-con-full e-flex e-con e-child\" data-id=\"35e5af9b\" data-element_type=\"container\" data-e-type=\"container\">\n\t\t<div class=\"elementor-element elementor-element-6894d279 e-con-full e-flex e-con e-child\" data-id=\"6894d279\" data-element_type=\"container\" data-e-type=\"container\">\n\t\t\t\t<div class=\"elementor-element elementor-element-7a3bd772 elementor-widget elementor-widget-image\" data-id=\"7a3bd772\" data-element_type=\"widget\" data-e-type=\"widget\" data-widget_type=\"image.default\">\n\t\t\t\t<div class=\"elementor-widget-container\">\n\t\t\t\t\t\t\t\t\t\t\t\t\t\t\t\t<a href=\"https:\/\/738e.com\/wp-content\/uploads\/2025\/04\/04.webp\">\n\t\t\t\t\t\t\t<img loading=\"lazy\" decoding=\"async\" width=\"600\" height=\"600\" src=\"https:\/\/www.738e.com\/wp-content\/uploads\/2025\/04\/04.webp\" class=\"elementor-animation-grow attachment-full size-full wp-image-8096\" alt=\"Fiber Sheets Cotton Pads\" srcset=\"https:\/\/www.738e.com\/wp-content\/uploads\/2025\/04\/04.webp 600w, https:\/\/www.738e.com\/wp-content\/uploads\/2025\/04\/04-300x300.webp 300w, https:\/\/www.738e.com\/wp-content\/uploads\/2025\/04\/04-150x150.webp 150w, https:\/\/www.738e.com\/wp-content\/uploads\/2025\/04\/04-12x12.webp 12w\" sizes=\"(max-width: 600px) 100vw, 600px\" \/>\t\t\t\t\t\t\t\t<\/a>\n\t\t\t\t\t\t\t\t\t\t\t\t\t\t\t<\/div>\n\t\t\t\t<\/div>\n\t\t\t\t<\/div>\n\t\t<div class=\"elementor-element elementor-element-72414805 e-con-full e-flex e-con e-child\" data-id=\"72414805\" data-element_type=\"container\" data-e-type=\"container\">\n\t\t\t\t<div class=\"elementor-element elementor-element-1a4c51a9 elementor-widget elementor-widget-image\" data-id=\"1a4c51a9\" data-element_type=\"widget\" data-e-type=\"widget\" data-widget_type=\"image.default\">\n\t\t\t\t<div class=\"elementor-widget-container\">\n\t\t\t\t\t\t\t\t\t\t\t\t\t\t\t\t<a href=\"https:\/\/738e.com\/wp-content\/uploads\/2025\/04\/03.webp\">\n\t\t\t\t\t\t\t<img loading=\"lazy\" decoding=\"async\" width=\"600\" height=\"600\" src=\"https:\/\/www.738e.com\/wp-content\/uploads\/2025\/04\/03.webp\" class=\"elementor-animation-grow attachment-full size-full wp-image-8095\" alt=\"Fiber Sheets Cotton Pads\" srcset=\"https:\/\/www.738e.com\/wp-content\/uploads\/2025\/04\/03.webp 600w, https:\/\/www.738e.com\/wp-content\/uploads\/2025\/04\/03-300x300.webp 300w, https:\/\/www.738e.com\/wp-content\/uploads\/2025\/04\/03-150x150.webp 150w, https:\/\/www.738e.com\/wp-content\/uploads\/2025\/04\/03-12x12.webp 12w\" sizes=\"(max-width: 600px) 100vw, 600px\" \/>\t\t\t\t\t\t\t\t<\/a>\n\t\t\t\t\t\t\t\t\t\t\t\t\t\t\t<\/div>\n\t\t\t\t<\/div>\n\t\t\t\t<\/div>\n\t\t<div class=\"elementor-element elementor-element-5f6ae310 e-con-full e-flex e-con e-child\" data-id=\"5f6ae310\" data-element_type=\"container\" data-e-type=\"container\">\n\t\t\t\t<div class=\"elementor-element elementor-element-45da225f elementor-widget elementor-widget-image\" data-id=\"45da225f\" data-element_type=\"widget\" data-e-type=\"widget\" data-widget_type=\"image.default\">\n\t\t\t\t<div class=\"elementor-widget-container\">\n\t\t\t\t\t\t\t\t\t\t\t\t\t\t\t\t<a href=\"https:\/\/738e.com\/wp-content\/uploads\/2025\/01\/Water-drawing-Cotton-Stick-03.webp\">\n\t\t\t\t\t\t\t<img loading=\"lazy\" decoding=\"async\" width=\"600\" height=\"600\" src=\"https:\/\/www.738e.com\/wp-content\/uploads\/2025\/04\/02-.webp\" class=\"elementor-animation-grow attachment-full size-full wp-image-8094\" alt=\"Fiber Sheets Cotton Pads\" srcset=\"https:\/\/www.738e.com\/wp-content\/uploads\/2025\/04\/02-.webp 600w, https:\/\/www.738e.com\/wp-content\/uploads\/2025\/04\/02--300x300.webp 300w, https:\/\/www.738e.com\/wp-content\/uploads\/2025\/04\/02--150x150.webp 150w, https:\/\/www.738e.com\/wp-content\/uploads\/2025\/04\/02--12x12.webp 12w\" sizes=\"(max-width: 600px) 100vw, 600px\" \/>\t\t\t\t\t\t\t\t<\/a>\n\t\t\t\t\t\t\t\t\t\t\t\t\t\t\t<\/div>\n\t\t\t\t<\/div>\n\t\t\t\t<\/div>\n\t\t<div class=\"elementor-element elementor-element-39ebaefb e-con-full e-flex e-con e-child\" data-id=\"39ebaefb\" data-element_type=\"container\" data-e-type=\"container\">\n\t\t\t\t<div class=\"elementor-element elementor-element-4cd4855f elementor-widget elementor-widget-image\" data-id=\"4cd4855f\" data-element_type=\"widget\" data-e-type=\"widget\" data-widget_type=\"image.default\">\n\t\t\t\t<div class=\"elementor-widget-container\">\n\t\t\t\t\t\t\t\t\t\t\t\t\t\t\t\t<a href=\"https:\/\/738e.com\/wp-content\/uploads\/2025\/04\/01.webp\">\n\t\t\t\t\t\t\t<img loading=\"lazy\" decoding=\"async\" width=\"600\" height=\"600\" src=\"https:\/\/www.738e.com\/wp-content\/uploads\/2025\/04\/01.webp\" class=\"elementor-animation-grow attachment-full size-full wp-image-8093\" alt=\"\" srcset=\"https:\/\/www.738e.com\/wp-content\/uploads\/2025\/04\/01.webp 600w, https:\/\/www.738e.com\/wp-content\/uploads\/2025\/04\/01-300x300.webp 300w, https:\/\/www.738e.com\/wp-content\/uploads\/2025\/04\/01-150x150.webp 150w, https:\/\/www.738e.com\/wp-content\/uploads\/2025\/04\/01-12x12.webp 12w\" sizes=\"(max-width: 600px) 100vw, 600px\" \/>\t\t\t\t\t\t\t\t<\/a>\n\t\t\t\t\t\t\t\t\t\t\t\t\t\t\t<\/div>\n\t\t\t\t<\/div>\n\t\t\t\t<\/div>\n\t\t\t\t<\/div>\n\t\t\t\t<\/div>\n\t\t\t\t<\/div>","protected":false},"excerpt":{"rendered":"<p>Fiber Sheets &#038; Cotton Pads &#038; Felts Products &#038; Applications Although the fiber sheets look almost the same in appearance, there are actually many varieties with different performances. Some are used for filtration, some are used to absorb and store liquids, and some are used to volatilize aromatherapy liquids. They are all produced from different [&hellip;]<\/p>\n","protected":false},"author":2,"featured_media":0,"parent":0,"menu_order":0,"comment_status":"closed","ping_status":"closed","template":"","meta":{"site-sidebar-layout":"no-sidebar","site-content-layout":"page-builder","ast-site-content-layout":"full-width-container","site-content-style":"default","site-sidebar-style":"default","ast-global-header-display":"","ast-banner-title-visibility":"","ast-main-header-display":"","ast-hfb-above-header-display":"","ast-hfb-below-header-display":"","ast-hfb-mobile-header-display":"","site-post-title":"disabled","ast-breadcrumbs-content":"","ast-featured-img":"disabled","footer-sml-layout":"","ast-disable-related-posts":"","theme-transparent-header-meta":"","adv-header-id-meta":"","stick-header-meta":"","header-above-stick-meta":"","header-main-stick-meta":"","header-below-stick-meta":"","astra-migrate-meta-layouts":"default","ast-page-background-enabled":"default","ast-page-background-meta":{"desktop":{"background-color":"","background-image":"","background-repeat":"repeat","background-position":"center center","background-size":"auto","background-attachment":"scroll","background-type":"","background-media":"","overlay-type":"","overlay-color":"","overlay-opacity":"","overlay-gradient":""},"tablet":{"background-color":"","background-image":"","background-repeat":"repeat","background-position":"center center","background-size":"auto","background-attachment":"scroll","background-type":"","background-media":"","overlay-type":"","overlay-color":"","overlay-opacity":"","overlay-gradient":""},"mobile":{"background-color":"","background-image":"","background-repeat":"repeat","background-position":"center center","background-size":"auto","background-attachment":"scroll","background-type":"","background-media":"","overlay-type":"","overlay-color":"","overlay-opacity":"","overlay-gradient":""}},"ast-content-background-meta":{"desktop":{"background-color":"var(--ast-global-color-5)","background-image":"","background-repeat":"repeat","background-position":"center center","background-size":"auto","background-attachment":"scroll","background-type":"","background-media":"","overlay-type":"","overlay-color":"","overlay-opacity":"","overlay-gradient":""},"tablet":{"background-color":"var(--ast-global-color-5)","background-image":"","background-repeat":"repeat","background-position":"center center","background-size":"auto","background-attachment":"scroll","background-type":"","background-media":"","overlay-type":"","overlay-color":"","overlay-opacity":"","overlay-gradient":""},"mobile":{"background-color":"var(--ast-global-color-5)","background-image":"","background-repeat":"repeat","background-position":"center center","background-size":"auto","background-attachment":"scroll","background-type":"","background-media":"","overlay-type":"","overlay-color":"","overlay-opacity":"","overlay-gradient":""}},"footnotes":""},"class_list":["post-7970","page","type-page","status-publish","hentry"],"aioseo_notices":[],"_links":{"self":[{"href":"https:\/\/www.738e.com\/pt\/wp-json\/wp\/v2\/pages\/7970","targetHints":{"allow":["GET"]}}],"collection":[{"href":"https:\/\/www.738e.com\/pt\/wp-json\/wp\/v2\/pages"}],"about":[{"href":"https:\/\/www.738e.com\/pt\/wp-json\/wp\/v2\/types\/page"}],"author":[{"embeddable":true,"href":"https:\/\/www.738e.com\/pt\/wp-json\/wp\/v2\/users\/2"}],"replies":[{"embeddable":true,"href":"https:\/\/www.738e.com\/pt\/wp-json\/wp\/v2\/comments?post=7970"}],"version-history":[{"count":33,"href":"https:\/\/www.738e.com\/pt\/wp-json\/wp\/v2\/pages\/7970\/revisions"}],"predecessor-version":[{"id":8395,"href":"https:\/\/www.738e.com\/pt\/wp-json\/wp\/v2\/pages\/7970\/revisions\/8395"}],"wp:attachment":[{"href":"https:\/\/www.738e.com\/pt\/wp-json\/wp\/v2\/media?parent=7970"}],"curies":[{"name":"wp","href":"https:\/\/api.w.org\/{rel}","templated":true}]}}