{"id":8124,"date":"2025-04-28T07:12:04","date_gmt":"2025-04-28T07:12:04","guid":{"rendered":"https:\/\/738e.com\/?page_id=8124"},"modified":"2025-04-30T02:00:36","modified_gmt":"2025-04-30T02:00:36","slug":"hook-and-loop-tape","status":"publish","type":"page","link":"https:\/\/www.738e.com\/fr\/hook-and-loop-tape\/","title":{"rendered":"Ruban \u00e0 crochets et \u00e0 boucles"},"content":{"rendered":"<div data-elementor-type=\"wp-page\" data-elementor-id=\"8124\" class=\"elementor elementor-8124\" data-elementor-post-type=\"page\">\n\t\t\t\t<div class=\"elementor-element elementor-element-6d9fea1f e-con-full e-flex e-con e-parent\" data-id=\"6d9fea1f\" data-element_type=\"container\" data-e-type=\"container\" data-settings=\"{&quot;background_background&quot;:&quot;classic&quot;}\">\n\t\t\t\t<div class=\"elementor-element elementor-element-17cf3764 elementor-widget elementor-widget-heading\" data-id=\"17cf3764\" data-element_type=\"widget\" data-e-type=\"widget\" data-widget_type=\"heading.default\">\n\t\t\t\t<div class=\"elementor-widget-container\">\n\t\t\t\t\t<h1 class=\"elementor-heading-title elementor-size-default\">Ruban \u00e0 crochets et \u00e0 boucles<\/h1>\t\t\t\t<\/div>\n\t\t\t\t<\/div>\n\t\t\t\t<\/div>\n\t\t<div class=\"elementor-element elementor-element-4c1d0bb4 e-flex e-con-boxed e-con e-parent\" data-id=\"4c1d0bb4\" data-element_type=\"container\" data-e-type=\"container\">\n\t\t\t\t\t<div class=\"e-con-inner\">\n\t\t\t\t<div class=\"elementor-element elementor-element-425e8fd elementor-widget elementor-widget-heading\" data-id=\"425e8fd\" data-element_type=\"widget\" data-e-type=\"widget\" data-widget_type=\"heading.default\">\n\t\t\t\t<div class=\"elementor-widget-container\">\n\t\t\t\t\t<h2 class=\"elementor-heading-title elementor-size-default\">Produits &amp; Applications<\/h2>\t\t\t\t<\/div>\n\t\t\t\t<\/div>\n\t\t\t\t<div class=\"elementor-element elementor-element-7ea64872 elementor-widget-divider--view-line elementor-widget elementor-widget-divider\" data-id=\"7ea64872\" data-element_type=\"widget\" data-e-type=\"widget\" data-widget_type=\"divider.default\">\n\t\t\t\t<div class=\"elementor-widget-container\">\n\t\t\t\t\t\t\t<div class=\"elementor-divider\">\n\t\t\t<span class=\"elementor-divider-separator\">\n\t\t\t\t\t\t<\/span>\n\t\t<\/div>\n\t\t\t\t\t\t<\/div>\n\t\t\t\t<\/div>\n\t\t\t\t<div class=\"elementor-element elementor-element-1557bec5 elementor-widget elementor-widget-text-editor\" data-id=\"1557bec5\" data-element_type=\"widget\" data-e-type=\"widget\" data-widget_type=\"text-editor.default\">\n\t\t\t\t<div class=\"elementor-widget-container\">\n\t\t\t\t\t\t\t\t\t<p>Il existe de nombreuses vari\u00e9t\u00e9s de fermetures \u00e0 crochets et \u00e0 boucles. La surface de crochet ou de boucle courante peut \u00eatre produite \u00e0 partir d'une vari\u00e9t\u00e9 de fibres et de diff\u00e9rents proc\u00e9d\u00e9s. Les co\u00fbts sont diff\u00e9rents, et les performances associ\u00e9es varient consid\u00e9rablement. En g\u00e9n\u00e9ral, elles sont divis\u00e9es en trois qualit\u00e9s, soit A, B et C, voire plus.<\/p>\t\t\t\t\t\t\t\t<\/div>\n\t\t\t\t<\/div>\n\t\t\t\t\t<\/div>\n\t\t\t\t<\/div>\n\t\t<div class=\"elementor-element elementor-element-551349c6 e-flex e-con-boxed e-con e-parent\" data-id=\"551349c6\" data-element_type=\"container\" data-e-type=\"container\">\n\t\t\t\t\t<div class=\"e-con-inner\">\n\t\t<div class=\"elementor-element elementor-element-481dbc25 e-con-full e-flex e-con e-child\" data-id=\"481dbc25\" data-element_type=\"container\" data-e-type=\"container\">\n\t\t\t\t<div class=\"elementor-element elementor-element-47389a57 elementor-widget elementor-widget-image\" data-id=\"47389a57\" data-element_type=\"widget\" data-e-type=\"widget\" data-widget_type=\"image.default\">\n\t\t\t\t<div class=\"elementor-widget-container\">\n\t\t\t\t\t\t\t\t\t\t\t\t\t\t\t<img fetchpriority=\"high\" decoding=\"async\" width=\"644\" height=\"402\" src=\"https:\/\/www.738e.com\/wp-content\/uploads\/2025\/04\/A.webp\" class=\"attachment-full size-full wp-image-8141\" alt=\"hook and loop fastener Velcro\" srcset=\"https:\/\/www.738e.com\/wp-content\/uploads\/2025\/04\/A.webp 644w, https:\/\/www.738e.com\/wp-content\/uploads\/2025\/04\/A-300x187.webp 300w, https:\/\/www.738e.com\/wp-content\/uploads\/2025\/04\/A-18x12.webp 18w\" sizes=\"(max-width: 644px) 100vw, 644px\" \/>\t\t\t\t\t\t\t\t\t\t\t\t\t\t\t<\/div>\n\t\t\t\t<\/div>\n\t\t\t\t<div class=\"elementor-element elementor-element-43036cb7 elementor-widget elementor-widget-image-box\" data-id=\"43036cb7\" data-element_type=\"widget\" data-e-type=\"widget\" data-widget_type=\"image-box.default\">\n\t\t\t\t<div class=\"elementor-widget-container\">\n\t\t\t\t\t<div class=\"elementor-image-box-wrapper\"><div class=\"elementor-image-box-content\"><h5 class=\"elementor-image-box-title\">Fermeture \u00e0 crochets et \u00e0 boucles normale<\/h5><\/div><\/div>\t\t\t\t<\/div>\n\t\t\t\t<\/div>\n\t\t\t\t<\/div>\n\t\t<div class=\"elementor-element elementor-element-38bed355 e-con-full e-flex e-con e-child\" data-id=\"38bed355\" data-element_type=\"container\" data-e-type=\"container\">\n\t\t\t\t<div class=\"elementor-element elementor-element-63f53ead elementor-widget elementor-widget-image\" data-id=\"63f53ead\" data-element_type=\"widget\" data-e-type=\"widget\" data-settings=\"{&quot;_animation&quot;:&quot;none&quot;}\" data-widget_type=\"image.default\">\n\t\t\t\t<div class=\"elementor-widget-container\">\n\t\t\t\t\t\t\t\t\t\t\t\t\t\t\t<img decoding=\"async\" width=\"644\" height=\"402\" src=\"https:\/\/www.738e.com\/wp-content\/uploads\/2025\/04\/B.webp\" class=\"attachment-full size-full wp-image-8140\" alt=\"hook and loop fastener Velcro\" srcset=\"https:\/\/www.738e.com\/wp-content\/uploads\/2025\/04\/B.webp 644w, https:\/\/www.738e.com\/wp-content\/uploads\/2025\/04\/B-300x187.webp 300w, https:\/\/www.738e.com\/wp-content\/uploads\/2025\/04\/B-18x12.webp 18w\" sizes=\"(max-width: 644px) 100vw, 644px\" \/>\t\t\t\t\t\t\t\t\t\t\t\t\t\t\t<\/div>\n\t\t\t\t<\/div>\n\t\t\t\t<div class=\"elementor-element elementor-element-355c277e elementor-widget elementor-widget-image-box\" data-id=\"355c277e\" data-element_type=\"widget\" data-e-type=\"widget\" data-widget_type=\"image-box.default\">\n\t\t\t\t<div class=\"elementor-widget-container\">\n\t\t\t\t\t<div class=\"elementor-image-box-wrapper\"><div class=\"elementor-image-box-content\"><h5 class=\"elementor-image-box-title\">Ruban de fixation \u00e0 crochets et \u00e0 boucles<\/h5><\/div><\/div>\t\t\t\t<\/div>\n\t\t\t\t<\/div>\n\t\t\t\t<\/div>\n\t\t\t\t\t<\/div>\n\t\t\t\t<\/div>\n\t\t<div class=\"elementor-element elementor-element-610abb0 e-con-full e-flex e-con e-parent\" data-id=\"610abb0\" data-element_type=\"container\" data-e-type=\"container\">\n\t\t\t\t<div class=\"elementor-element elementor-element-3802f8ee elementor-widget elementor-widget-heading\" data-id=\"3802f8ee\" data-element_type=\"widget\" data-e-type=\"widget\" data-widget_type=\"heading.default\">\n\t\t\t\t<div class=\"elementor-widget-container\">\n\t\t\t\t\t<h2 class=\"elementor-heading-title elementor-size-default\">Produits et applications connexes<\/h2>\t\t\t\t<\/div>\n\t\t\t\t<\/div>\n\t\t\t\t<div class=\"elementor-element elementor-element-1e639aea elementor-widget-divider--view-line elementor-widget elementor-widget-divider\" data-id=\"1e639aea\" data-element_type=\"widget\" data-e-type=\"widget\" data-widget_type=\"divider.default\">\n\t\t\t\t<div class=\"elementor-widget-container\">\n\t\t\t\t\t\t\t<div class=\"elementor-divider\">\n\t\t\t<span class=\"elementor-divider-separator\">\n\t\t\t\t\t\t<\/span>\n\t\t<\/div>\n\t\t\t\t\t\t<\/div>\n\t\t\t\t<\/div>\n\t\t\t\t<div class=\"elementor-element elementor-element-cadf945 elementor-widget elementor-widget-text-editor\" data-id=\"cadf945\" data-element_type=\"widget\" data-e-type=\"widget\" data-widget_type=\"text-editor.default\">\n\t\t\t\t<div class=\"elementor-widget-container\">\n\t\t\t\t\t\t\t\t\t<p style=\"text-align: center;\">Chaque produit peut \u00eatre personnalis\u00e9 selon les besoins du client.<\/p>\t\t\t\t\t\t\t\t<\/div>\n\t\t\t\t<\/div>\n\t\t<div class=\"elementor-element elementor-element-3f75e4fc e-con-full e-flex e-con e-child\" data-id=\"3f75e4fc\" data-element_type=\"container\" data-e-type=\"container\">\n\t\t<div class=\"elementor-element elementor-element-34d5c88a e-con-full e-flex e-con e-child\" data-id=\"34d5c88a\" data-element_type=\"container\" data-e-type=\"container\">\n\t\t\t\t<div class=\"elementor-element elementor-element-d4f205b elementor-widget elementor-widget-image\" data-id=\"d4f205b\" data-element_type=\"widget\" data-e-type=\"widget\" data-widget_type=\"image.default\">\n\t\t\t\t<div class=\"elementor-widget-container\">\n\t\t\t\t\t\t\t\t\t\t\t\t\t\t\t\t<a href=\"https:\/\/738e.com\/wp-content\/uploads\/2025\/04\/1.webp\">\n\t\t\t\t\t\t\t<img decoding=\"async\" width=\"600\" height=\"600\" src=\"https:\/\/www.738e.com\/wp-content\/uploads\/2025\/04\/1.webp\" class=\"elementor-animation-grow attachment-full size-full wp-image-8159\" alt=\"hook and loop fastener\" srcset=\"https:\/\/www.738e.com\/wp-content\/uploads\/2025\/04\/1.webp 600w, https:\/\/www.738e.com\/wp-content\/uploads\/2025\/04\/1-300x300.webp 300w, https:\/\/www.738e.com\/wp-content\/uploads\/2025\/04\/1-150x150.webp 150w, https:\/\/www.738e.com\/wp-content\/uploads\/2025\/04\/1-12x12.webp 12w\" sizes=\"(max-width: 600px) 100vw, 600px\" \/>\t\t\t\t\t\t\t\t<\/a>\n\t\t\t\t\t\t\t\t\t\t\t\t\t\t\t<\/div>\n\t\t\t\t<\/div>\n\t\t\t\t<\/div>\n\t\t<div class=\"elementor-element elementor-element-16878d3c e-con-full e-flex e-con e-child\" data-id=\"16878d3c\" data-element_type=\"container\" data-e-type=\"container\">\n\t\t\t\t<div class=\"elementor-element elementor-element-5f99f7dd elementor-widget elementor-widget-image\" data-id=\"5f99f7dd\" data-element_type=\"widget\" data-e-type=\"widget\" data-widget_type=\"image.default\">\n\t\t\t\t<div class=\"elementor-widget-container\">\n\t\t\t\t\t\t\t\t\t\t\t\t\t\t\t\t<a href=\"https:\/\/738e.com\/wp-content\/uploads\/2025\/04\/2.webp\">\n\t\t\t\t\t\t\t<img loading=\"lazy\" decoding=\"async\" width=\"600\" height=\"600\" src=\"https:\/\/www.738e.com\/wp-content\/uploads\/2025\/04\/2.webp\" class=\"elementor-animation-grow attachment-full size-full wp-image-8160\" alt=\"Ruban de fixation \u00e0 crochets et \u00e0 boucles\" srcset=\"https:\/\/www.738e.com\/wp-content\/uploads\/2025\/04\/2.webp 600w, https:\/\/www.738e.com\/wp-content\/uploads\/2025\/04\/2-300x300.webp 300w, https:\/\/www.738e.com\/wp-content\/uploads\/2025\/04\/2-150x150.webp 150w, https:\/\/www.738e.com\/wp-content\/uploads\/2025\/04\/2-12x12.webp 12w\" sizes=\"(max-width: 600px) 100vw, 600px\" \/>\t\t\t\t\t\t\t\t<\/a>\n\t\t\t\t\t\t\t\t\t\t\t\t\t\t\t<\/div>\n\t\t\t\t<\/div>\n\t\t\t\t<\/div>\n\t\t<div class=\"elementor-element elementor-element-1eadc6b e-con-full e-flex e-con e-child\" data-id=\"1eadc6b\" data-element_type=\"container\" data-e-type=\"container\">\n\t\t\t\t<div class=\"elementor-element elementor-element-628f9d3b elementor-widget elementor-widget-image\" data-id=\"628f9d3b\" data-element_type=\"widget\" data-e-type=\"widget\" data-widget_type=\"image.default\">\n\t\t\t\t<div class=\"elementor-widget-container\">\n\t\t\t\t\t\t\t\t\t\t\t\t\t\t\t\t<a href=\"https:\/\/738e.com\/wp-content\/uploads\/2025\/04\/3.webp\">\n\t\t\t\t\t\t\t<img loading=\"lazy\" decoding=\"async\" width=\"600\" height=\"600\" src=\"https:\/\/www.738e.com\/wp-content\/uploads\/2025\/04\/3.webp\" class=\"elementor-animation-grow attachment-full size-full wp-image-8161\" alt=\"Hook - and - Loop Cloth\" srcset=\"https:\/\/www.738e.com\/wp-content\/uploads\/2025\/04\/3.webp 600w, https:\/\/www.738e.com\/wp-content\/uploads\/2025\/04\/3-300x300.webp 300w, https:\/\/www.738e.com\/wp-content\/uploads\/2025\/04\/3-150x150.webp 150w, https:\/\/www.738e.com\/wp-content\/uploads\/2025\/04\/3-12x12.webp 12w\" sizes=\"(max-width: 600px) 100vw, 600px\" \/>\t\t\t\t\t\t\t\t<\/a>\n\t\t\t\t\t\t\t\t\t\t\t\t\t\t\t<\/div>\n\t\t\t\t<\/div>\n\t\t\t\t<\/div>\n\t\t<div class=\"elementor-element elementor-element-1164fe26 e-con-full e-flex e-con e-child\" data-id=\"1164fe26\" data-element_type=\"container\" data-e-type=\"container\">\n\t\t\t\t<div class=\"elementor-element elementor-element-3395deab elementor-widget elementor-widget-image\" data-id=\"3395deab\" data-element_type=\"widget\" data-e-type=\"widget\" data-widget_type=\"image.default\">\n\t\t\t\t<div class=\"elementor-widget-container\">\n\t\t\t\t\t\t\t\t\t\t\t\t\t\t\t\t<a href=\"https:\/\/738e.com\/wp-content\/uploads\/2025\/04\/4.webp\">\n\t\t\t\t\t\t\t<img loading=\"lazy\" decoding=\"async\" width=\"600\" height=\"600\" src=\"https:\/\/www.738e.com\/wp-content\/uploads\/2025\/04\/4.webp\" class=\"elementor-animation-grow attachment-full size-full wp-image-8162\" alt=\"Ruban \u00e0 crochets et \u00e0 boucles\" srcset=\"https:\/\/www.738e.com\/wp-content\/uploads\/2025\/04\/4.webp 600w, https:\/\/www.738e.com\/wp-content\/uploads\/2025\/04\/4-300x300.webp 300w, https:\/\/www.738e.com\/wp-content\/uploads\/2025\/04\/4-150x150.webp 150w, https:\/\/www.738e.com\/wp-content\/uploads\/2025\/04\/4-12x12.webp 12w\" sizes=\"(max-width: 600px) 100vw, 600px\" \/>\t\t\t\t\t\t\t\t<\/a>\n\t\t\t\t\t\t\t\t\t\t\t\t\t\t\t<\/div>\n\t\t\t\t<\/div>\n\t\t\t\t<\/div>\n\t\t\t\t<\/div>\n\t\t<div class=\"elementor-element elementor-element-5ee20e9f e-con-full e-flex e-con e-child\" data-id=\"5ee20e9f\" data-element_type=\"container\" data-e-type=\"container\">\n\t\t<div class=\"elementor-element elementor-element-358e0320 e-con-full e-flex e-con e-child\" data-id=\"358e0320\" data-element_type=\"container\" data-e-type=\"container\">\n\t\t\t\t<div class=\"elementor-element elementor-element-669e2cc7 elementor-widget elementor-widget-image\" data-id=\"669e2cc7\" data-element_type=\"widget\" data-e-type=\"widget\" data-widget_type=\"image.default\">\n\t\t\t\t<div class=\"elementor-widget-container\">\n\t\t\t\t\t\t\t\t\t\t\t\t\t\t\t\t<a href=\"https:\/\/738e.com\/wp-content\/uploads\/2025\/04\/7.webp\">\n\t\t\t\t\t\t\t<img loading=\"lazy\" decoding=\"async\" width=\"600\" height=\"600\" src=\"https:\/\/www.738e.com\/wp-content\/uploads\/2025\/04\/7.webp\" class=\"elementor-animation-grow attachment-full size-full wp-image-8157\" alt=\"Self-adhesive hook and loop tape\" srcset=\"https:\/\/www.738e.com\/wp-content\/uploads\/2025\/04\/7.webp 600w, https:\/\/www.738e.com\/wp-content\/uploads\/2025\/04\/7-300x300.webp 300w, https:\/\/www.738e.com\/wp-content\/uploads\/2025\/04\/7-150x150.webp 150w, https:\/\/www.738e.com\/wp-content\/uploads\/2025\/04\/7-12x12.webp 12w\" sizes=\"(max-width: 600px) 100vw, 600px\" \/>\t\t\t\t\t\t\t\t<\/a>\n\t\t\t\t\t\t\t\t\t\t\t\t\t\t\t<\/div>\n\t\t\t\t<\/div>\n\t\t\t\t<\/div>\n\t\t<div class=\"elementor-element elementor-element-c50b913 e-con-full e-flex e-con e-child\" data-id=\"c50b913\" data-element_type=\"container\" data-e-type=\"container\">\n\t\t\t\t<div class=\"elementor-element elementor-element-559b021e elementor-widget elementor-widget-image\" data-id=\"559b021e\" data-element_type=\"widget\" data-e-type=\"widget\" data-widget_type=\"image.default\">\n\t\t\t\t<div class=\"elementor-widget-container\">\n\t\t\t\t\t\t\t\t\t\t\t\t\t\t\t\t<a href=\"https:\/\/738e.com\/wp-content\/uploads\/2025\/04\/6.webp\">\n\t\t\t\t\t\t\t<img loading=\"lazy\" decoding=\"async\" width=\"600\" height=\"600\" src=\"https:\/\/www.738e.com\/wp-content\/uploads\/2025\/04\/6.webp\" class=\"elementor-animation-grow attachment-full size-full wp-image-8156\" alt=\"Self-adhesive hook and loop tape\" srcset=\"https:\/\/www.738e.com\/wp-content\/uploads\/2025\/04\/6.webp 600w, https:\/\/www.738e.com\/wp-content\/uploads\/2025\/04\/6-300x300.webp 300w, https:\/\/www.738e.com\/wp-content\/uploads\/2025\/04\/6-150x150.webp 150w, https:\/\/www.738e.com\/wp-content\/uploads\/2025\/04\/6-12x12.webp 12w\" sizes=\"(max-width: 600px) 100vw, 600px\" \/>\t\t\t\t\t\t\t\t<\/a>\n\t\t\t\t\t\t\t\t\t\t\t\t\t\t\t<\/div>\n\t\t\t\t<\/div>\n\t\t\t\t<\/div>\n\t\t<div class=\"elementor-element elementor-element-1fdac8f7 e-con-full e-flex e-con e-child\" data-id=\"1fdac8f7\" data-element_type=\"container\" data-e-type=\"container\">\n\t\t\t\t<div class=\"elementor-element elementor-element-57706c8d elementor-widget elementor-widget-image\" data-id=\"57706c8d\" data-element_type=\"widget\" data-e-type=\"widget\" data-widget_type=\"image.default\">\n\t\t\t\t<div class=\"elementor-widget-container\">\n\t\t\t\t\t\t\t\t\t\t\t\t\t\t\t\t<a href=\"https:\/\/738e.com\/wp-content\/uploads\/2025\/04\/5.webp\">\n\t\t\t\t\t\t\t<img loading=\"lazy\" decoding=\"async\" width=\"600\" height=\"600\" src=\"https:\/\/www.738e.com\/wp-content\/uploads\/2025\/04\/5.webp\" class=\"elementor-animation-grow attachment-full size-full wp-image-8155\" alt=\"Self-adhesive hook and loop tape\" srcset=\"https:\/\/www.738e.com\/wp-content\/uploads\/2025\/04\/5.webp 600w, https:\/\/www.738e.com\/wp-content\/uploads\/2025\/04\/5-300x300.webp 300w, https:\/\/www.738e.com\/wp-content\/uploads\/2025\/04\/5-150x150.webp 150w, https:\/\/www.738e.com\/wp-content\/uploads\/2025\/04\/5-12x12.webp 12w\" sizes=\"(max-width: 600px) 100vw, 600px\" \/>\t\t\t\t\t\t\t\t<\/a>\n\t\t\t\t\t\t\t\t\t\t\t\t\t\t\t<\/div>\n\t\t\t\t<\/div>\n\t\t\t\t<\/div>\n\t\t<div class=\"elementor-element elementor-element-7710f1d8 e-con-full e-flex e-con e-child\" data-id=\"7710f1d8\" data-element_type=\"container\" data-e-type=\"container\">\n\t\t\t\t<div class=\"elementor-element elementor-element-3bd033b2 elementor-widget elementor-widget-image\" data-id=\"3bd033b2\" data-element_type=\"widget\" data-e-type=\"widget\" data-widget_type=\"image.default\">\n\t\t\t\t<div class=\"elementor-widget-container\">\n\t\t\t\t\t\t\t\t\t\t\t\t\t\t\t\t<a href=\"https:\/\/738e.com\/wp-content\/uploads\/2025\/04\/8.webp\">\n\t\t\t\t\t\t\t<img loading=\"lazy\" decoding=\"async\" width=\"600\" height=\"600\" src=\"https:\/\/www.738e.com\/wp-content\/uploads\/2025\/04\/8.webp\" class=\"elementor-animation-grow attachment-full size-full wp-image-8158\" alt=\"Ruban de fixation \u00e0 crochets et \u00e0 boucles\" srcset=\"https:\/\/www.738e.com\/wp-content\/uploads\/2025\/04\/8.webp 600w, https:\/\/www.738e.com\/wp-content\/uploads\/2025\/04\/8-300x300.webp 300w, https:\/\/www.738e.com\/wp-content\/uploads\/2025\/04\/8-150x150.webp 150w, https:\/\/www.738e.com\/wp-content\/uploads\/2025\/04\/8-12x12.webp 12w\" sizes=\"(max-width: 600px) 100vw, 600px\" \/>\t\t\t\t\t\t\t\t<\/a>\n\t\t\t\t\t\t\t\t\t\t\t\t\t\t\t<\/div>\n\t\t\t\t<\/div>\n\t\t\t\t<\/div>\n\t\t\t\t<\/div>\n\t\t\t\t<\/div>\n\t\t\t\t<\/div>","protected":false},"excerpt":{"rendered":"<p>Hook-and-loop tape Products &#038; Applications There are many varieties of hook and loop fasteners. The common hook surface or loop surface can be produced from a variety of fibers and different processes. The costs are different, and the related performances vary greatly. Generally, they are divided into three qualities, namely A, B, and C, or [&hellip;]<\/p>\n","protected":false},"author":2,"featured_media":0,"parent":0,"menu_order":0,"comment_status":"closed","ping_status":"closed","template":"","meta":{"site-sidebar-layout":"no-sidebar","site-content-layout":"page-builder","ast-site-content-layout":"full-width-container","site-content-style":"default","site-sidebar-style":"default","ast-global-header-display":"","ast-banner-title-visibility":"","ast-main-header-display":"","ast-hfb-above-header-display":"","ast-hfb-below-header-display":"","ast-hfb-mobile-header-display":"","site-post-title":"disabled","ast-breadcrumbs-content":"","ast-featured-img":"disabled","footer-sml-layout":"","ast-disable-related-posts":"","theme-transparent-header-meta":"","adv-header-id-meta":"","stick-header-meta":"","header-above-stick-meta":"","header-main-stick-meta":"","header-below-stick-meta":"","astra-migrate-meta-layouts":"set","ast-page-background-enabled":"default","ast-page-background-meta":{"desktop":{"background-color":"","background-image":"","background-repeat":"repeat","background-position":"center center","background-size":"auto","background-attachment":"scroll","background-type":"","background-media":"","overlay-type":"","overlay-color":"","overlay-opacity":"","overlay-gradient":""},"tablet":{"background-color":"","background-image":"","background-repeat":"repeat","background-position":"center center","background-size":"auto","background-attachment":"scroll","background-type":"","background-media":"","overlay-type":"","overlay-color":"","overlay-opacity":"","overlay-gradient":""},"mobile":{"background-color":"","background-image":"","background-repeat":"repeat","background-position":"center center","background-size":"auto","background-attachment":"scroll","background-type":"","background-media":"","overlay-type":"","overlay-color":"","overlay-opacity":"","overlay-gradient":""}},"ast-content-background-meta":{"desktop":{"background-color":"var(--ast-global-color-5)","background-image":"","background-repeat":"repeat","background-position":"center center","background-size":"auto","background-attachment":"scroll","background-type":"","background-media":"","overlay-type":"","overlay-color":"","overlay-opacity":"","overlay-gradient":""},"tablet":{"background-color":"var(--ast-global-color-5)","background-image":"","background-repeat":"repeat","background-position":"center center","background-size":"auto","background-attachment":"scroll","background-type":"","background-media":"","overlay-type":"","overlay-color":"","overlay-opacity":"","overlay-gradient":""},"mobile":{"background-color":"var(--ast-global-color-5)","background-image":"","background-repeat":"repeat","background-position":"center center","background-size":"auto","background-attachment":"scroll","background-type":"","background-media":"","overlay-type":"","overlay-color":"","overlay-opacity":"","overlay-gradient":""}},"footnotes":""},"class_list":["post-8124","page","type-page","status-publish","hentry"],"aioseo_notices":[],"_links":{"self":[{"href":"https:\/\/www.738e.com\/fr\/wp-json\/wp\/v2\/pages\/8124","targetHints":{"allow":["GET"]}}],"collection":[{"href":"https:\/\/www.738e.com\/fr\/wp-json\/wp\/v2\/pages"}],"about":[{"href":"https:\/\/www.738e.com\/fr\/wp-json\/wp\/v2\/types\/page"}],"author":[{"embeddable":true,"href":"https:\/\/www.738e.com\/fr\/wp-json\/wp\/v2\/users\/2"}],"replies":[{"embeddable":true,"href":"https:\/\/www.738e.com\/fr\/wp-json\/wp\/v2\/comments?post=8124"}],"version-history":[{"count":40,"href":"https:\/\/www.738e.com\/fr\/wp-json\/wp\/v2\/pages\/8124\/revisions"}],"predecessor-version":[{"id":8398,"href":"https:\/\/www.738e.com\/fr\/wp-json\/wp\/v2\/pages\/8124\/revisions\/8398"}],"wp:attachment":[{"href":"https:\/\/www.738e.com\/fr\/wp-json\/wp\/v2\/media?parent=8124"}],"curies":[{"name":"wp","href":"https:\/\/api.w.org\/{rel}","templated":true}]}}